{"id":709,"date":"2019-12-09T11:06:40","date_gmt":"2019-12-09T11:06:40","guid":{"rendered":"http:\/\/136349.webtonia-server2.de\/impressum\/"},"modified":"2021-06-07T16:24:49","modified_gmt":"2021-06-07T14:24:49","slug":"mentions-legales","status":"publish","type":"page","link":"https:\/\/www.wiv-industry.eu\/fr\/mentions-legales\/","title":{"rendered":"Mentions L\u00e9gales"},"content":{"rendered":"<h2>Donn\u00e9es en vertu de \u00a7 5 TMG<\/h2>\n<p>Arkadi Wollbaum<br \/>\nWIV Repr\u00e9sentants Industriels e.K.<br \/>\nLortzingring 30<\/p>\n<p>61118 Bad Vilbel<\/p>\n<p><strong>Contact<\/strong><\/p>\n<p>T\u00e9l\u00e9phone: +49 (0)6101 54 1328<br \/>\nE-Mail: <a href=\"mailto:Info@wiv-industry.com\">Info@wiv-industry.com<\/a><\/p>\n<p><strong>Num\u00e9ro TVA<\/strong><br \/>\nNum\u00e9ro d&rsquo;identification TVA conform\u00e9ment au \u00a7 27a de la loi relative \u00e0 la taxe sur le chiffre d\u2019affaires:<br \/>\nDE 212511486<\/p>\n<p><strong>R\u00e8glement des diff\u00e9rends<\/strong><br \/>\nLa Commission europ\u00e9enne fournit une plateforme de R\u00e8glement en ligne des litiges (plateforme RLL): https:\/\/ec.europa.eu\/consumers\/odr.<br \/>\nVous trouverez notre adresse e-mail dans les mentions l\u00e9gales ci-dessus.<br \/>\nNous ne sommes ni dispos\u00e9s ni oblig\u00e9s \u00e0 participer \u00e0 une proc\u00e9dure de r\u00e8glement des diff\u00e9rends devant un conseil d&rsquo;arbitrage des consommateurs.<\/p>\n<p><strong>Responsabilit\u00e9 pour les contenu<\/strong><br \/>\nD\u2019apr\u00e8s le \u00a7 7 alin\u00e9a 1 de la loi allemande sur les t\u00e9l\u00e9m\u00e9dias (TMG), nous sommes responsables en tant que prestataire de service de notre propre contenu sur ces pages conform\u00e9ment aux lois g\u00e9n\u00e9rales en vigueur. En vertu des articles 8 \u00e0 10 de la TMG, nous ne sommes toutefois pas tenus, en qualit\u00e9 de prestataires de services, de contr\u00f4ler les informations tierces transmises ou enregistr\u00e9es ni de rechercher les faits indiquant une activit\u00e9 ill\u00e9gale.<br \/>\nLes obligations de suppression ou de blocage de l\u2019utilisation des informations sur la base des lois g\u00e9n\u00e9rales ne sont pas affect\u00e9es par cette disposition. La responsabilit\u00e9 \u00e0 ce sujet n\u2019est toutefois possible qu\u2019\u00e0 compter du moment o\u00f9 la violation du droit est port\u00e9e \u00e0 notre connaissance. Nous nous engageons \u00e0 retirer imm\u00e9diatement ce type de contenus d\u00e8s l\u2019instant o\u00f9 nous serons inform\u00e9s de leur existence.<\/p>\n<p><strong>Responsabilit\u00e9 pour des liens<\/strong><br \/>\nNotre offre comprend des liens redirigeant vers les sites web externes de tiers sur lesquels nous n\u2019avons aucune influence du point de vue du contenu. Par cons\u00e9quent, nous ne pouvons pas assumer non plus de garantie pour ce contenu \u00e9tranger. Seul le fournisseur ou exploitant respectif des sites est responsable des pages auxquelles ces liens permettent d\u2019acc\u00e9der. Les pages mises en lien ont \u00e9t\u00e9 v\u00e9rifi\u00e9es au moment de la mise en lien pour v\u00e9rifier la pr\u00e9sence d\u2019\u00e9ventuelles infractions \u00e0 la loi. Aucun contenu illicite n\u2019a \u00e9t\u00e9 d\u00e9tect\u00e9 au moment de la mise en lien.<br \/>\nUn contr\u00f4le permanent des contenus des sites reli\u00e9s n\u2019est pourtant pas possible sans indice concret d\u2019une infraction \u00e0 la loi. Nous nous engageons \u00e0 retirer imm\u00e9diatement de tels liens d\u00e8s l\u2019instant o\u00f9 nous serons inform\u00e9s de leur existence.<\/p>\n<p><strong>Droits d\u2019auteur<\/strong><br \/>\nLes contenus et les \u0153uvres r\u00e9alis\u00e9es par les propri\u00e9taires du site sont prot\u00e9g\u00e9s sur ces pages par le droit d\u2019auteur allemand. La reproduction, l\u2019utilisation, la diffusion et toute autre forme d\u2019exploitation n\u2019entrant pas dans les limites du droit d\u2019auteur n\u00e9cessitent l\u2019accord de leurs auteurs ou cr\u00e9ateurs respectifs. Les t\u00e9l\u00e9chargements et copies des pages de ce site ne sont autoris\u00e9s que pour un usage priv\u00e9 et non commercial.<br \/>\nDans la mesure o\u00f9 le contenu de ce site n\u2019est pas l\u2019\u0153uvre de l\u2019h\u00e9bergeur, le droit du tiers sur le droit d\u2019auteur s\u2019applique. Les contenus de tiers sont marqu\u00e9s comme tels. Si vous d\u00e9tectez une violation de droit d\u2019auteur, nous vous encourageons \u00e0 nous contacter pour nous le signaler. Nous nous engageons \u00e0 retirer imm\u00e9diatement de tels contenus d\u00e8s l\u2019instant o\u00f9 nous serons inform\u00e9s de leur existence.<\/p>\n","protected":false},"excerpt":{"rendered":"<p>Donn\u00e9es en vertu de \u00a7 5 TMG Arkadi Wollbaum WIV Repr\u00e9sentants Industriels e.K. Lortzingring 30 61118 Bad Vilbel Contact T\u00e9l\u00e9phone: +49 (0)6101 54 1328 E-Mail: Info@wiv-industry.com Num\u00e9ro TVA Num\u00e9ro d&rsquo;identification TVA conform\u00e9ment au \u00a7 27a de la loi relative \u00e0 la taxe sur le chiffre d\u2019affaires: DE 212511486 R\u00e8glement des diff\u00e9rends La Commission europ\u00e9enne fournit [&hellip;]<\/p>\n","protected":false},"author":1,"featured_media":0,"parent":0,"menu_order":149,"comment_status":"closed","ping_status":"closed","template":"page-legal.php","meta":{"_acf_changed":false,"inline_featured_image":false,"footnotes":""},"acf":[],"aioseo_notices":[],"_links":{"self":[{"href":"https:\/\/www.wiv-industry.eu\/fr\/wp-json\/wp\/v2\/pages\/709"}],"collection":[{"href":"https:\/\/www.wiv-industry.eu\/fr\/wp-json\/wp\/v2\/pages"}],"about":[{"href":"https:\/\/www.wiv-industry.eu\/fr\/wp-json\/wp\/v2\/types\/page"}],"author":[{"embeddable":true,"href":"https:\/\/www.wiv-industry.eu\/fr\/wp-json\/wp\/v2\/users\/1"}],"replies":[{"embeddable":true,"href":"https:\/\/www.wiv-industry.eu\/fr\/wp-json\/wp\/v2\/comments?post=709"}],"version-history":[{"count":4,"href":"https:\/\/www.wiv-industry.eu\/fr\/wp-json\/wp\/v2\/pages\/709\/revisions"}],"predecessor-version":[{"id":1651,"href":"https:\/\/www.wiv-industry.eu\/fr\/wp-json\/wp\/v2\/pages\/709\/revisions\/1651"}],"wp:attachment":[{"href":"https:\/\/www.wiv-industry.eu\/fr\/wp-json\/wp\/v2\/media?parent=709"}],"curies":[{"name":"wp","href":"https:\/\/api.w.org\/{rel}","templated":true}]}}